{"id":460,"date":"2025-03-27T11:32:59","date_gmt":"2025-03-27T11:32:59","guid":{"rendered":"https:\/\/new.mcareagency.com\/?page_id=460"},"modified":"2025-03-27T14:03:43","modified_gmt":"2025-03-27T14:03:43","slug":"apply-for-caregiver","status":"publish","type":"page","link":"https:\/\/mcareagency.com\/index.php\/apply-for-caregiver\/","title":{"rendered":"Apply for caregiver"},"content":{"rendered":"\n<figure class=\"wp-block-image size-large is-resized\"><img loading=\"lazy\" decoding=\"async\" width=\"1024\" height=\"273\" src=\"https:\/\/mcareagency.com\/wp-content\/uploads\/2025\/03\/caregiver1-1024x273.png\" alt=\"\" class=\"wp-image-376\" style=\"width:1100px;height:auto\" srcset=\"https:\/\/mcareagency.com\/wp-content\/uploads\/2025\/03\/caregiver1-1024x273.png 1024w, https:\/\/mcareagency.com\/wp-content\/uploads\/2025\/03\/caregiver1-300x80.png 300w, https:\/\/mcareagency.com\/wp-content\/uploads\/2025\/03\/caregiver1-768x205.png 768w, https:\/\/mcareagency.com\/wp-content\/uploads\/2025\/03\/caregiver1-600x160.png 600w, https:\/\/mcareagency.com\/wp-content\/uploads\/2025\/03\/caregiver1.png 1500w\" sizes=\"auto, (max-width: 1024px) 100vw, 1024px\" \/><\/figure>\n\n\n\n<div class=\"wp-block-columns is-layout-flex wp-container-core-columns-is-layout-9d6595d7 wp-block-columns-is-layout-flex\">\n<div class=\"wp-block-column is-layout-flow wp-block-column-is-layout-flow\" style=\"flex-basis:66.66%\"><div class=\"wpforms-container wpforms-container-full wpforms-block wpforms-block-e0236829-1b8b-46a5-9a90-755d6e3bd854 wpforms-render-modern\" id=\"wpforms-462\"><form id=\"wpforms-form-462\" class=\"wpforms-validate wpforms-form wpforms-ajax-form\" data-formid=\"462\" method=\"post\" enctype=\"multipart\/form-data\" action=\"\/index.php\/wp-json\/wp\/v2\/pages\/460\" data-token=\"b205042b664ec2cd2bc842d21b8ca7b2\" data-token-time=\"1778996065\"><noscript class=\"wpforms-error-noscript\">Aby wype\u0142ni\u0107 ten formularz, w\u0142\u0105cz obs\u0142ug\u0119 JavaScript w przegl\u0105darce.<\/noscript><div id=\"wpforms-error-noscript\" style=\"display: none;\">Aby wype\u0142ni\u0107 ten formularz, w\u0142\u0105cz obs\u0142ug\u0119 JavaScript w przegl\u0105darce.<\/div><div class=\"wpforms-field-container\"><div id=\"wpforms-462-field_3-container\" class=\"wpforms-field wpforms-field-text\" data-field-id=\"3\"><label class=\"wpforms-field-label\" for=\"wpforms-462-field_3\">Full name <span class=\"wpforms-required-label\" aria-hidden=\"true\">*<\/span><\/label><input type=\"text\" id=\"wpforms-462-field_3\" class=\"wpforms-field-medium wpforms-field-required\" name=\"wpforms[fields][3]\" aria-errormessage=\"wpforms-462-field_3-error\" required><\/div><div id=\"wpforms-462-field_4-container\" class=\"wpforms-field wpforms-field-text\" data-field-id=\"4\"><label class=\"wpforms-field-label\" for=\"wpforms-462-field_4\">Address <span class=\"wpforms-required-label\" aria-hidden=\"true\">*<\/span><\/label><input type=\"text\" id=\"wpforms-462-field_4\" class=\"wpforms-field-medium wpforms-field-required\" name=\"wpforms[fields][4]\" aria-errormessage=\"wpforms-462-field_4-error\" required><\/div><div id=\"wpforms-462-field_5-container\" class=\"wpforms-field wpforms-field-text\" data-field-id=\"5\"><label class=\"wpforms-field-label\" for=\"wpforms-462-field_5\">City <span class=\"wpforms-required-label\" aria-hidden=\"true\">*<\/span><\/label><input type=\"text\" id=\"wpforms-462-field_5\" class=\"wpforms-field-medium wpforms-field-required\" name=\"wpforms[fields][5]\" aria-errormessage=\"wpforms-462-field_5-error\" required><\/div><div id=\"wpforms-462-field_6-container\" class=\"wpforms-field wpforms-field-text\" data-field-id=\"6\"><label class=\"wpforms-field-label\" for=\"wpforms-462-field_6\">State <span class=\"wpforms-required-label\" aria-hidden=\"true\">*<\/span><\/label><input type=\"text\" id=\"wpforms-462-field_6\" class=\"wpforms-field-medium wpforms-field-required\" name=\"wpforms[fields][6]\" aria-errormessage=\"wpforms-462-field_6-error\" required><\/div><div id=\"wpforms-462-field_7-container\" class=\"wpforms-field wpforms-field-text\" data-field-id=\"7\"><label class=\"wpforms-field-label\" for=\"wpforms-462-field_7\">Home phone<\/label><input type=\"text\" id=\"wpforms-462-field_7\" class=\"wpforms-field-medium\" name=\"wpforms[fields][7]\" aria-errormessage=\"wpforms-462-field_7-error\" ><\/div><div id=\"wpforms-462-field_8-container\" class=\"wpforms-field wpforms-field-text\" data-field-id=\"8\"><label class=\"wpforms-field-label\" for=\"wpforms-462-field_8\">Cell phone<\/label><input type=\"text\" id=\"wpforms-462-field_8\" class=\"wpforms-field-medium\" name=\"wpforms[fields][8]\" aria-errormessage=\"wpforms-462-field_8-error\" ><\/div><div id=\"wpforms-462-field_10-container\" class=\"wpforms-field wpforms-field-select wpforms-field-select-style-classic\" data-field-id=\"10\"><label class=\"wpforms-field-label\" for=\"wpforms-462-field_10\">Are you looking for?<\/label><select id=\"wpforms-462-field_10\" class=\"wpforms-field-medium\" name=\"wpforms[fields][10]\"><option value=\"Live in\"  class=\"choice-1 depth-1\"  >Live in<\/option><option value=\"Live out\"  class=\"choice-2 depth-1\"  >Live out<\/option><\/select><\/div><div id=\"wpforms-462-field_11-container\" class=\"wpforms-field wpforms-field-select wpforms-field-select-style-classic\" data-field-id=\"11\"><label class=\"wpforms-field-label\" for=\"wpforms-462-field_11\">Are you looking for?<\/label><select id=\"wpforms-462-field_11\" class=\"wpforms-field-medium\" name=\"wpforms[fields][11]\"><option value=\"Full time\"  class=\"choice-1 depth-1\"  >Full time<\/option><option value=\"Part time\"  class=\"choice-2 depth-1\"  >Part time<\/option><\/select><\/div><div id=\"wpforms-462-field_12-container\" class=\"wpforms-field wpforms-field-select wpforms-field-select-style-classic\" data-field-id=\"12\"><label class=\"wpforms-field-label\" for=\"wpforms-462-field_12\">Are you looking for?<\/label><select id=\"wpforms-462-field_12\" class=\"wpforms-field-medium\" name=\"wpforms[fields][12]\"><option value=\"Permanent\"  class=\"choice-1 depth-1\"  >Permanent<\/option><option value=\"Temporary\"  class=\"choice-2 depth-1\"  >Temporary<\/option><\/select><\/div><div id=\"wpforms-462-field_13-container\" class=\"wpforms-field wpforms-field-radio\" data-field-id=\"13\"><fieldset><legend class=\"wpforms-field-label\">Do you need someone with Driver License?<\/legend><ul id=\"wpforms-462-field_13\"><li class=\"choice-1 depth-1\"><input type=\"radio\" id=\"wpforms-462-field_13_1\" name=\"wpforms[fields][13]\" value=\"Yes\" aria-errormessage=\"wpforms-462-field_13_1-error\"  ><label class=\"wpforms-field-label-inline\" for=\"wpforms-462-field_13_1\">Yes<\/label><\/li><li class=\"choice-2 depth-1\"><input type=\"radio\" id=\"wpforms-462-field_13_2\" name=\"wpforms[fields][13]\" value=\"No\" aria-errormessage=\"wpforms-462-field_13_2-error\"  ><label class=\"wpforms-field-label-inline\" for=\"wpforms-462-field_13_2\">No<\/label><\/li><\/ul><\/fieldset><\/div><div id=\"wpforms-462-field_14-container\" class=\"wpforms-field wpforms-field-radio\" data-field-id=\"14\"><fieldset><legend class=\"wpforms-field-label\">Do you need someone with his\/her own transportation?<\/legend><ul id=\"wpforms-462-field_14\"><li class=\"choice-1 depth-1\"><input type=\"radio\" id=\"wpforms-462-field_14_1\" name=\"wpforms[fields][14]\" value=\"Yes\" aria-errormessage=\"wpforms-462-field_14_1-error\"  ><label class=\"wpforms-field-label-inline\" for=\"wpforms-462-field_14_1\">Yes<\/label><\/li><li class=\"choice-2 depth-1\"><input type=\"radio\" id=\"wpforms-462-field_14_2\" name=\"wpforms[fields][14]\" value=\"No\" aria-errormessage=\"wpforms-462-field_14_2-error\"  ><label class=\"wpforms-field-label-inline\" for=\"wpforms-462-field_14_2\">No<\/label><\/li><\/ul><\/fieldset><\/div><div id=\"wpforms-462-field_15-container\" class=\"wpforms-field wpforms-field-checkbox\" data-field-id=\"15\"><fieldset><legend class=\"wpforms-field-label\">Do you need?<\/legend><ul id=\"wpforms-462-field_15\"><li class=\"choice-1 depth-1\"><input type=\"checkbox\" id=\"wpforms-462-field_15_1\" name=\"wpforms[fields][15][]\" value=\"Female\" aria-errormessage=\"wpforms-462-field_15_1-error\"  ><label class=\"wpforms-field-label-inline\" for=\"wpforms-462-field_15_1\">Female<\/label><\/li><li class=\"choice-2 depth-1\"><input type=\"checkbox\" id=\"wpforms-462-field_15_2\" name=\"wpforms[fields][15][]\" value=\"Male\" aria-errormessage=\"wpforms-462-field_15_2-error\"  ><label class=\"wpforms-field-label-inline\" for=\"wpforms-462-field_15_2\">Male<\/label><\/li><\/ul><\/fieldset><\/div><div id=\"wpforms-462-field_16-container\" class=\"wpforms-field wpforms-field-checkbox\" data-field-id=\"16\"><fieldset><legend class=\"wpforms-field-label\">Do you need someone with:<\/legend><ul id=\"wpforms-462-field_16\"><li class=\"choice-1 depth-1\"><input type=\"checkbox\" id=\"wpforms-462-field_16_1\" name=\"wpforms[fields][16][]\" value=\"Good English\" aria-errormessage=\"wpforms-462-field_16_1-error\"  ><label class=\"wpforms-field-label-inline\" for=\"wpforms-462-field_16_1\">Good English<\/label><\/li><li class=\"choice-2 depth-1\"><input type=\"checkbox\" id=\"wpforms-462-field_16_2\" name=\"wpforms[fields][16][]\" value=\"Broken English\" aria-errormessage=\"wpforms-462-field_16_2-error\"  ><label class=\"wpforms-field-label-inline\" for=\"wpforms-462-field_16_2\">Broken English<\/label><\/li><\/ul><\/fieldset><\/div><div id=\"wpforms-462-field_17-container\" class=\"wpforms-field wpforms-field-text\" data-field-id=\"17\"><label class=\"wpforms-field-label\" for=\"wpforms-462-field_17\">How soon do you need requested services?<\/label><input type=\"text\" id=\"wpforms-462-field_17\" class=\"wpforms-field-medium\" name=\"wpforms[fields][17]\" aria-errormessage=\"wpforms-462-field_17-error\" ><\/div>\t\t<div id=\"wpforms-462-field_1-container\"\n\t\t\tclass=\"wpforms-field wpforms-field-text\"\n\t\t\tdata-field-type=\"text\"\n\t\t\tdata-field-id=\"1\"\n\t\t\t>\n\t\t\t<label class=\"wpforms-field-label\" for=\"wpforms-462-field_1\" >requested someone need<\/label>\n\t\t\t<input type=\"text\" id=\"wpforms-462-field_1\" class=\"wpforms-field-medium\" name=\"wpforms[fields][1]\" >\n\t\t<\/div>\n\t\t<div id=\"wpforms-462-field_18-container\" class=\"wpforms-field wpforms-field-textarea\" data-field-id=\"18\"><label class=\"wpforms-field-label\" for=\"wpforms-462-field_18\">Services description<\/label><textarea id=\"wpforms-462-field_18\" class=\"wpforms-field-medium\" name=\"wpforms[fields][18]\" aria-errormessage=\"wpforms-462-field_18-error\" ><\/textarea><\/div><script>\n\t\t\t\t( function() {\n\t\t\t\t\tconst style = document.createElement( 'style' );\n\t\t\t\t\tstyle.appendChild( document.createTextNode( '#wpforms-462-field_1-container { position: absolute !important; overflow: hidden !important; display: inline !important; height: 1px !important; width: 1px !important; z-index: -1000 !important; padding: 0 !important; } #wpforms-462-field_1-container input { visibility: hidden; } #wpforms-conversational-form-page #wpforms-462-field_1-container label { counter-increment: none; }' ) );\n\t\t\t\t\tdocument.head.appendChild( style );\n\t\t\t\t\tdocument.currentScript?.remove();\n\t\t\t\t} )();\n\t\t\t<\/script><\/div><!-- .wpforms-field-container --><div class=\"wpforms-recaptcha-container wpforms-is-recaptcha wpforms-is-recaptcha-type-invisible\" ><div class=\"g-recaptcha\" data-sitekey=\"6Lc8mAErAAAAAM7yjnjH9EKNqcncX2WUMLzMwoJD\" data-size=\"invisible\"><\/div><\/div><div class=\"wpforms-submit-container\" ><input type=\"hidden\" name=\"wpforms[id]\" value=\"462\"><input type=\"hidden\" name=\"page_title\" value=\"\"><input type=\"hidden\" name=\"page_url\" value=\"https:\/\/mcareagency.com\/index.php\/wp-json\/wp\/v2\/pages\/460\"><input type=\"hidden\" name=\"url_referer\" value=\"\"><button type=\"submit\" name=\"wpforms[submit]\" id=\"wpforms-submit-462\" class=\"wpforms-submit\" data-alt-text=\"Sending...\" data-submit-text=\"Send\" aria-live=\"assertive\" value=\"wpforms-submit\">Send<\/button><img loading=\"lazy\" decoding=\"async\" src=\"https:\/\/mcareagency.com\/wp-content\/plugins\/wpforms-lite\/assets\/images\/submit-spin.svg\" class=\"wpforms-submit-spinner\" style=\"display: none;\" width=\"26\" height=\"26\" alt=\"Wczytywanie\"><\/div><\/form><\/div>  <!-- .wpforms-container --><\/div>\n\n\n\n<div class=\"wp-block-column is-layout-flow wp-block-column-is-layout-flow\" style=\"flex-basis:33.33%\">\n<figure class=\"wp-block-image size-full\"><img loading=\"lazy\" decoding=\"async\" width=\"400\" height=\"509\" src=\"https:\/\/mcareagency.com\/wp-content\/uploads\/2025\/03\/map.png\" alt=\"\" class=\"wp-image-361\" srcset=\"https:\/\/mcareagency.com\/wp-content\/uploads\/2025\/03\/map.png 400w, https:\/\/mcareagency.com\/wp-content\/uploads\/2025\/03\/map-236x300.png 236w\" sizes=\"auto, (max-width: 400px) 100vw, 400px\" \/><\/figure>\n\n\n\n<p>INDIANA<br>Munster, IN<br>Phone: (219) 865 4775<\/p>\n<\/div>\n<\/div>\n\n\n\n<p><\/p>\n","protected":false},"excerpt":{"rendered":"<p>INDIANAMunster, INPhone: (219) 865 4775<\/p>\n","protected":false},"author":1,"featured_media":0,"parent":0,"menu_order":0,"comment_status":"closed","ping_status":"closed","template":"","meta":{"footnotes":""},"class_list":["post-460","page","type-page","status-publish","hentry"],"_links":{"self":[{"href":"https:\/\/mcareagency.com\/index.php\/wp-json\/wp\/v2\/pages\/460","targetHints":{"allow":["GET"]}}],"collection":[{"href":"https:\/\/mcareagency.com\/index.php\/wp-json\/wp\/v2\/pages"}],"about":[{"href":"https:\/\/mcareagency.com\/index.php\/wp-json\/wp\/v2\/types\/page"}],"author":[{"embeddable":true,"href":"https:\/\/mcareagency.com\/index.php\/wp-json\/wp\/v2\/users\/1"}],"replies":[{"embeddable":true,"href":"https:\/\/mcareagency.com\/index.php\/wp-json\/wp\/v2\/comments?post=460"}],"version-history":[{"count":3,"href":"https:\/\/mcareagency.com\/index.php\/wp-json\/wp\/v2\/pages\/460\/revisions"}],"predecessor-version":[{"id":507,"href":"https:\/\/mcareagency.com\/index.php\/wp-json\/wp\/v2\/pages\/460\/revisions\/507"}],"wp:attachment":[{"href":"https:\/\/mcareagency.com\/index.php\/wp-json\/wp\/v2\/media?parent=460"}],"curies":[{"name":"wp","href":"https:\/\/api.w.org\/{rel}","templated":true}]}}